{"id":380,"date":"2017-10-17T11:21:21","date_gmt":"2017-10-17T11:21:21","guid":{"rendered":"https:\/\/jaagrivilla.ee\/kontakt\/"},"modified":"2018-02-22T15:01:56","modified_gmt":"2018-02-22T15:01:56","slug":"kontakt","status":"publish","type":"page","link":"https:\/\/jaagrivilla.ee\/ru\/kontakt\/","title":{"rendered":"\u041a\u043e\u043d\u0442\u0430\u043a\u0442"},"content":{"rendered":"<h3>J\u00e4\u00e4gri Villa<\/h3>\n<p><strong>\u0410\u0434\u0440\u0435\u0441:<\/strong> Albu k\u00fcla, J\u00e4rva vald, J\u00e4rvamaa<br \/>\n<strong>\u0422\u0435\u043b\u0435\u0444\u043e\u043d:<\/strong> +372 5885 6955<br \/>\n<strong>\u0410\u0434\u0440\u0435\u0441 \u044d\u043b\u0435\u043a\u0442\u0440\u043e\u043d\u043d\u043e\u0439 \u043f\u043e\u0447\u0442\u044b:<\/strong> <a href=\"mailto:info@jaagrivilla.ee\">info@jaagrivilla.ee<\/a><br \/>\n<strong>Facebook:<\/strong> <a href=\"https:\/\/www.facebook.com\/J%C3%A4%C3%A4gri-Villa-345658512264517\/\" target=\"_blank\" rel=\"noopener\">jaagrivilla<\/a><br \/>\n<strong>Valeri Homin:<\/strong> +372 527 6087<br \/>\n<strong>GPS:<\/strong> X:6558485 Y:594800<\/p>\n","protected":false},"excerpt":{"rendered":"<p>J\u00e4\u00e4gri Villa \u0410\u0434\u0440\u0435\u0441: Albu k\u00fcla, J\u00e4rva vald, J\u00e4rvamaa \u0422\u0435\u043b\u0435\u0444\u043e\u043d: +372 5885 6955 \u0410\u0434\u0440\u0435\u0441 \u044d\u043b\u0435\u043a\u0442\u0440\u043e\u043d\u043d\u043e\u0439<span class=\"excerpt-hellip\"> [\u2026]<\/span><\/p>\n","protected":false},"author":1,"featured_media":0,"parent":0,"menu_order":0,"comment_status":"closed","ping_status":"closed","template":"","meta":{"ngg_post_thumbnail":0,"footnotes":""},"class_list":["post-380","page","type-page","status-publish","hentry"],"yoast_head":"<!-- This site is optimized with the Yoast SEO plugin v26.9 - https:\/\/yoast.com\/product\/yoast-seo-wordpress\/ -->\n<title>\u041a\u043e\u043d\u0442\u0430\u043a\u0442 - J\u00e4\u00e4gri Villa<\/title>\n<meta name=\"description\" content=\"\u0410\u0434\u0440\u0435\u0441: Albu k\u00fcla, J\u00e4rva vald, J\u00e4rvamaa; \u0422\u0435\u043b\u0435\u0444\u043e\u043d: +372 5885 6955; \u0410\u0434\u0440\u0435\u0441 \u044d\u043b\u0435\u043a\u0442\u0440\u043e\u043d\u043d\u043e\u0439 \u043f\u043e\u0447\u0442\u044b: info@jaagrivilla.ee; GPS: X:6558485 Y:594800\" \/>\n<meta name=\"robots\" content=\"index, follow, max-snippet:-1, max-image-preview:large, max-video-preview:-1\" \/>\n<link rel=\"canonical\" href=\"https:\/\/jaagrivilla.ee\/ru\/kontakt\/\" \/>\n<meta property=\"og:locale\" content=\"ru_RU\" \/>\n<meta property=\"og:type\" content=\"article\" \/>\n<meta property=\"og:title\" content=\"\u041a\u043e\u043d\u0442\u0430\u043a\u0442 - J\u00e4\u00e4gri Villa\" \/>\n<meta property=\"og:description\" content=\"\u0410\u0434\u0440\u0435\u0441: Albu k\u00fcla, J\u00e4rva vald, J\u00e4rvamaa; \u0422\u0435\u043b\u0435\u0444\u043e\u043d: +372 5885 6955; \u0410\u0434\u0440\u0435\u0441 \u044d\u043b\u0435\u043a\u0442\u0440\u043e\u043d\u043d\u043e\u0439 \u043f\u043e\u0447\u0442\u044b: info@jaagrivilla.ee; GPS: X:6558485 Y:594800\" \/>\n<meta property=\"og:url\" content=\"https:\/\/jaagrivilla.ee\/ru\/kontakt\/\" \/>\n<meta property=\"og:site_name\" content=\"J\u00e4\u00e4gri Villa\" \/>\n<meta property=\"article:modified_time\" content=\"2018-02-22T15:01:56+00:00\" \/>\n<meta name=\"twitter:card\" content=\"summary_large_image\" \/>\n<script type=\"application\/ld+json\" class=\"yoast-schema-graph\">{\"@context\":\"https:\/\/schema.org\",\"@graph\":[{\"@type\":\"WebPage\",\"@id\":\"https:\/\/jaagrivilla.ee\/ru\/kontakt\/\",\"url\":\"https:\/\/jaagrivilla.ee\/ru\/kontakt\/\",\"name\":\"\u041a\u043e\u043d\u0442\u0430\u043a\u0442 - J\u00e4\u00e4gri Villa\",\"isPartOf\":{\"@id\":\"https:\/\/jaagrivilla.ee\/#website\"},\"datePublished\":\"2017-10-17T11:21:21+00:00\",\"dateModified\":\"2018-02-22T15:01:56+00:00\",\"description\":\"\u0410\u0434\u0440\u0435\u0441: Albu k\u00fcla, J\u00e4rva vald, J\u00e4rvamaa; \u0422\u0435\u043b\u0435\u0444\u043e\u043d: +372 5885 6955; \u0410\u0434\u0440\u0435\u0441 \u044d\u043b\u0435\u043a\u0442\u0440\u043e\u043d\u043d\u043e\u0439 \u043f\u043e\u0447\u0442\u044b: info@jaagrivilla.ee; GPS: X:6558485 Y:594800\",\"breadcrumb\":{\"@id\":\"https:\/\/jaagrivilla.ee\/ru\/kontakt\/#breadcrumb\"},\"inLanguage\":\"ru-RU\",\"potentialAction\":[{\"@type\":\"ReadAction\",\"target\":[\"https:\/\/jaagrivilla.ee\/ru\/kontakt\/\"]}]},{\"@type\":\"BreadcrumbList\",\"@id\":\"https:\/\/jaagrivilla.ee\/ru\/kontakt\/#breadcrumb\",\"itemListElement\":[{\"@type\":\"ListItem\",\"position\":1,\"name\":\"Home\",\"item\":\"https:\/\/jaagrivilla.ee\/ru\/\"},{\"@type\":\"ListItem\",\"position\":2,\"name\":\"\u041a\u043e\u043d\u0442\u0430\u043a\u0442\"}]},{\"@type\":\"WebSite\",\"@id\":\"https:\/\/jaagrivilla.ee\/#website\",\"url\":\"https:\/\/jaagrivilla.ee\/\",\"name\":\"J\u00e4\u00e4gri Villa\",\"description\":\"\",\"potentialAction\":[{\"@type\":\"SearchAction\",\"target\":{\"@type\":\"EntryPoint\",\"urlTemplate\":\"https:\/\/jaagrivilla.ee\/?s={search_term_string}\"},\"query-input\":{\"@type\":\"PropertyValueSpecification\",\"valueRequired\":true,\"valueName\":\"search_term_string\"}}],\"inLanguage\":\"ru-RU\"}]}<\/script>\n<!-- \/ Yoast SEO plugin. -->","yoast_head_json":{"title":"\u041a\u043e\u043d\u0442\u0430\u043a\u0442 - J\u00e4\u00e4gri Villa","description":"\u0410\u0434\u0440\u0435\u0441: Albu k\u00fcla, J\u00e4rva vald, J\u00e4rvamaa; \u0422\u0435\u043b\u0435\u0444\u043e\u043d: +372 5885 6955; \u0410\u0434\u0440\u0435\u0441 \u044d\u043b\u0435\u043a\u0442\u0440\u043e\u043d\u043d\u043e\u0439 \u043f\u043e\u0447\u0442\u044b: info@jaagrivilla.ee; GPS: X:6558485 Y:594800","robots":{"index":"index","follow":"follow","max-snippet":"max-snippet:-1","max-image-preview":"max-image-preview:large","max-video-preview":"max-video-preview:-1"},"canonical":"https:\/\/jaagrivilla.ee\/ru\/kontakt\/","og_locale":"ru_RU","og_type":"article","og_title":"\u041a\u043e\u043d\u0442\u0430\u043a\u0442 - J\u00e4\u00e4gri Villa","og_description":"\u0410\u0434\u0440\u0435\u0441: Albu k\u00fcla, J\u00e4rva vald, J\u00e4rvamaa; \u0422\u0435\u043b\u0435\u0444\u043e\u043d: +372 5885 6955; \u0410\u0434\u0440\u0435\u0441 \u044d\u043b\u0435\u043a\u0442\u0440\u043e\u043d\u043d\u043e\u0439 \u043f\u043e\u0447\u0442\u044b: info@jaagrivilla.ee; GPS: X:6558485 Y:594800","og_url":"https:\/\/jaagrivilla.ee\/ru\/kontakt\/","og_site_name":"J\u00e4\u00e4gri Villa","article_modified_time":"2018-02-22T15:01:56+00:00","twitter_card":"summary_large_image","schema":{"@context":"https:\/\/schema.org","@graph":[{"@type":"WebPage","@id":"https:\/\/jaagrivilla.ee\/ru\/kontakt\/","url":"https:\/\/jaagrivilla.ee\/ru\/kontakt\/","name":"\u041a\u043e\u043d\u0442\u0430\u043a\u0442 - J\u00e4\u00e4gri Villa","isPartOf":{"@id":"https:\/\/jaagrivilla.ee\/#website"},"datePublished":"2017-10-17T11:21:21+00:00","dateModified":"2018-02-22T15:01:56+00:00","description":"\u0410\u0434\u0440\u0435\u0441: Albu k\u00fcla, J\u00e4rva vald, J\u00e4rvamaa; \u0422\u0435\u043b\u0435\u0444\u043e\u043d: +372 5885 6955; \u0410\u0434\u0440\u0435\u0441 \u044d\u043b\u0435\u043a\u0442\u0440\u043e\u043d\u043d\u043e\u0439 \u043f\u043e\u0447\u0442\u044b: info@jaagrivilla.ee; GPS: X:6558485 Y:594800","breadcrumb":{"@id":"https:\/\/jaagrivilla.ee\/ru\/kontakt\/#breadcrumb"},"inLanguage":"ru-RU","potentialAction":[{"@type":"ReadAction","target":["https:\/\/jaagrivilla.ee\/ru\/kontakt\/"]}]},{"@type":"BreadcrumbList","@id":"https:\/\/jaagrivilla.ee\/ru\/kontakt\/#breadcrumb","itemListElement":[{"@type":"ListItem","position":1,"name":"Home","item":"https:\/\/jaagrivilla.ee\/ru\/"},{"@type":"ListItem","position":2,"name":"\u041a\u043e\u043d\u0442\u0430\u043a\u0442"}]},{"@type":"WebSite","@id":"https:\/\/jaagrivilla.ee\/#website","url":"https:\/\/jaagrivilla.ee\/","name":"J\u00e4\u00e4gri Villa","description":"","potentialAction":[{"@type":"SearchAction","target":{"@type":"EntryPoint","urlTemplate":"https:\/\/jaagrivilla.ee\/?s={search_term_string}"},"query-input":{"@type":"PropertyValueSpecification","valueRequired":true,"valueName":"search_term_string"}}],"inLanguage":"ru-RU"}]}},"_links":{"self":[{"href":"https:\/\/jaagrivilla.ee\/ru\/wp-json\/wp\/v2\/pages\/380","targetHints":{"allow":["GET"]}}],"collection":[{"href":"https:\/\/jaagrivilla.ee\/ru\/wp-json\/wp\/v2\/pages"}],"about":[{"href":"https:\/\/jaagrivilla.ee\/ru\/wp-json\/wp\/v2\/types\/page"}],"author":[{"embeddable":true,"href":"https:\/\/jaagrivilla.ee\/ru\/wp-json\/wp\/v2\/users\/1"}],"replies":[{"embeddable":true,"href":"https:\/\/jaagrivilla.ee\/ru\/wp-json\/wp\/v2\/comments?post=380"}],"version-history":[{"count":2,"href":"https:\/\/jaagrivilla.ee\/ru\/wp-json\/wp\/v2\/pages\/380\/revisions"}],"predecessor-version":[{"id":410,"href":"https:\/\/jaagrivilla.ee\/ru\/wp-json\/wp\/v2\/pages\/380\/revisions\/410"}],"wp:attachment":[{"href":"https:\/\/jaagrivilla.ee\/ru\/wp-json\/wp\/v2\/media?parent=380"}],"curies":[{"name":"wp","href":"https:\/\/api.w.org\/{rel}","templated":true}]}}