{"id":378,"date":"2017-10-17T11:21:01","date_gmt":"2017-10-17T11:21:01","guid":{"rendered":"https:\/\/jaagrivilla.ee\/galerii\/"},"modified":"2022-06-28T12:55:06","modified_gmt":"2022-06-28T12:55:06","slug":"galierieia","status":"publish","type":"page","link":"https:\/\/jaagrivilla.ee\/ru\/galierieia\/","title":{"rendered":"\u0413\u0430\u043b\u0435\u0440\u0435\u044f"},"content":{"rendered":"<h3>\u0411\u043e\u043b\u044c\u0448\u043e\u0439 \u0437\u0430\u043b<\/h3>\nngg_shortcode_0_placeholder\n<h3>\u041c\u0430\u043b\u044b\u0439 \u0437\u0430\u043b<\/h3>\nngg_shortcode_1_placeholder\n<h3>\u0421\u0430\u0443\u043d\u0430<\/h3>\nngg_shortcode_2_placeholder\n<h3>\u041a\u043e\u043c\u043d\u0430\u0442\u044b<\/h3>\nngg_shortcode_3_placeholder\n<h3>J\u00e4\u00e4gri Villa<\/h3>\nngg_shortcode_4_placeholder\n<h3>\u0411\u0430\u043d\u044f-\u0431\u043e\u0447\u043a\u0430<\/h3>\nngg_shortcode_5_placeholder\n<h3>\u0421\u0442\u0435\u043a\u043b\u044f\u043d\u043d\u044b\u0439 \u0434\u043e\u043c<\/h3>\nngg_shortcode_6_placeholder\n<h3>\u0412\u0438\u0434\u044b \u0434\u0435\u044f\u0442\u0435\u043b\u044c\u043d\u043e\u0441\u0442\u0438<\/h3>\nngg_shortcode_7_placeholder\n<h3>\u0412\u0438\u0434\u0435\u043e<\/h3>\n<div class=\"column one-second mobile-one\"><div class=\"mcb-column-inner\"><\/p>\n<p><iframe loading=\"lazy\" title=\"J\u00e4\u00e4gri Villa\" width=\"533\" height=\"300\" src=\"https:\/\/www.youtube.com\/embed\/DusnqENH1OI?feature=oembed\" frameborder=\"0\" allow=\"accelerometer; autoplay; clipboard-write; encrypted-media; gyroscope; picture-in-picture\" allowfullscreen><\/iframe><\/p>\n<p><\/div><\/div>\n\n<div class=\"column one-second mobile-one\"><div class=\"mcb-column-inner\"><\/p>\n<p><iframe loading=\"lazy\" title=\"J&amp;auml;&amp;auml;gri villa\" src=\"https:\/\/player.vimeo.com\/video\/181012408?h=67af99348f&amp;dnt=1&amp;app_id=122963\" width=\"533\" height=\"300\" frameborder=\"0\" allow=\"autoplay; fullscreen; picture-in-picture\" allowfullscreen><\/iframe><\/p>\n<p><\/div><\/div>\n\n","protected":false},"excerpt":{"rendered":"<p>\u0411\u043e\u043b\u044c\u0448\u043e\u0439 \u0437\u0430\u043b \u041c\u0430\u043b\u044b\u0439 \u0437\u0430\u043b \u0421\u0430\u0443\u043d\u0430 \u041a\u043e\u043c\u043d\u0430\u0442\u044b J\u00e4\u00e4gri Villa \u0411\u0430\u043d\u044f-\u0431\u043e\u0447\u043a\u0430 \u0421\u0442\u0435\u043a\u043b\u044f\u043d\u043d\u044b\u0439 \u0434\u043e\u043c \u0412\u0438\u0434\u044b \u0434\u0435\u044f\u0442\u0435\u043b\u044c\u043d\u043e\u0441\u0442\u0438 \u0412\u0438\u0434\u0435\u043e<\/p>\n","protected":false},"author":1,"featured_media":0,"parent":0,"menu_order":0,"comment_status":"closed","ping_status":"closed","template":"","meta":{"ngg_post_thumbnail":0,"footnotes":""},"class_list":["post-378","page","type-page","status-publish","hentry"],"yoast_head":"<!-- This site is optimized with the Yoast SEO plugin v26.9 - https:\/\/yoast.com\/product\/yoast-seo-wordpress\/ -->\n<title>\u0413\u0430\u043b\u0435\u0440\u0435\u044f - J\u00e4\u00e4gri Villa<\/title>\n<meta name=\"description\" content=\"J\u00e4\u00e4gri Villa \u0413\u0430\u043b\u0435\u0440\u0435\u044f\" \/>\n<meta name=\"robots\" content=\"index, follow, max-snippet:-1, max-image-preview:large, max-video-preview:-1\" \/>\n<link rel=\"canonical\" href=\"https:\/\/jaagrivilla.ee\/ru\/galierieia\/\" \/>\n<meta property=\"og:locale\" content=\"ru_RU\" \/>\n<meta property=\"og:type\" content=\"article\" \/>\n<meta property=\"og:title\" content=\"\u0413\u0430\u043b\u0435\u0440\u0435\u044f - J\u00e4\u00e4gri Villa\" \/>\n<meta property=\"og:description\" content=\"J\u00e4\u00e4gri Villa \u0413\u0430\u043b\u0435\u0440\u0435\u044f\" \/>\n<meta property=\"og:url\" content=\"https:\/\/jaagrivilla.ee\/ru\/galierieia\/\" \/>\n<meta property=\"og:site_name\" content=\"J\u00e4\u00e4gri Villa\" \/>\n<meta property=\"article:modified_time\" content=\"2022-06-28T12:55:06+00:00\" \/>\n<meta name=\"twitter:card\" content=\"summary_large_image\" \/>\n<meta name=\"twitter:label1\" content=\"\u041f\u0440\u0438\u043c\u0435\u0440\u043d\u043e\u0435 \u0432\u0440\u0435\u043c\u044f \u0434\u043b\u044f \u0447\u0442\u0435\u043d\u0438\u044f\" \/>\n\t<meta name=\"twitter:data1\" content=\"1 \u043c\u0438\u043d\u0443\u0442\u0430\" \/>\n<script type=\"application\/ld+json\" class=\"yoast-schema-graph\">{\"@context\":\"https:\/\/schema.org\",\"@graph\":[{\"@type\":\"WebPage\",\"@id\":\"https:\/\/jaagrivilla.ee\/ru\/galierieia\/\",\"url\":\"https:\/\/jaagrivilla.ee\/ru\/galierieia\/\",\"name\":\"\u0413\u0430\u043b\u0435\u0440\u0435\u044f - J\u00e4\u00e4gri Villa\",\"isPartOf\":{\"@id\":\"https:\/\/jaagrivilla.ee\/#website\"},\"datePublished\":\"2017-10-17T11:21:01+00:00\",\"dateModified\":\"2022-06-28T12:55:06+00:00\",\"description\":\"J\u00e4\u00e4gri Villa \u0413\u0430\u043b\u0435\u0440\u0435\u044f\",\"breadcrumb\":{\"@id\":\"https:\/\/jaagrivilla.ee\/ru\/galierieia\/#breadcrumb\"},\"inLanguage\":\"ru-RU\",\"potentialAction\":[{\"@type\":\"ReadAction\",\"target\":[\"https:\/\/jaagrivilla.ee\/ru\/galierieia\/\"]}]},{\"@type\":\"BreadcrumbList\",\"@id\":\"https:\/\/jaagrivilla.ee\/ru\/galierieia\/#breadcrumb\",\"itemListElement\":[{\"@type\":\"ListItem\",\"position\":1,\"name\":\"Home\",\"item\":\"https:\/\/jaagrivilla.ee\/ru\/\"},{\"@type\":\"ListItem\",\"position\":2,\"name\":\"\u0413\u0430\u043b\u0435\u0440\u0435\u044f\"}]},{\"@type\":\"WebSite\",\"@id\":\"https:\/\/jaagrivilla.ee\/#website\",\"url\":\"https:\/\/jaagrivilla.ee\/\",\"name\":\"J\u00e4\u00e4gri Villa\",\"description\":\"\",\"potentialAction\":[{\"@type\":\"SearchAction\",\"target\":{\"@type\":\"EntryPoint\",\"urlTemplate\":\"https:\/\/jaagrivilla.ee\/?s={search_term_string}\"},\"query-input\":{\"@type\":\"PropertyValueSpecification\",\"valueRequired\":true,\"valueName\":\"search_term_string\"}}],\"inLanguage\":\"ru-RU\"}]}<\/script>\n<!-- \/ Yoast SEO plugin. -->","yoast_head_json":{"title":"\u0413\u0430\u043b\u0435\u0440\u0435\u044f - J\u00e4\u00e4gri Villa","description":"J\u00e4\u00e4gri Villa \u0413\u0430\u043b\u0435\u0440\u0435\u044f","robots":{"index":"index","follow":"follow","max-snippet":"max-snippet:-1","max-image-preview":"max-image-preview:large","max-video-preview":"max-video-preview:-1"},"canonical":"https:\/\/jaagrivilla.ee\/ru\/galierieia\/","og_locale":"ru_RU","og_type":"article","og_title":"\u0413\u0430\u043b\u0435\u0440\u0435\u044f - J\u00e4\u00e4gri Villa","og_description":"J\u00e4\u00e4gri Villa \u0413\u0430\u043b\u0435\u0440\u0435\u044f","og_url":"https:\/\/jaagrivilla.ee\/ru\/galierieia\/","og_site_name":"J\u00e4\u00e4gri Villa","article_modified_time":"2022-06-28T12:55:06+00:00","twitter_card":"summary_large_image","twitter_misc":{"\u041f\u0440\u0438\u043c\u0435\u0440\u043d\u043e\u0435 \u0432\u0440\u0435\u043c\u044f \u0434\u043b\u044f \u0447\u0442\u0435\u043d\u0438\u044f":"1 \u043c\u0438\u043d\u0443\u0442\u0430"},"schema":{"@context":"https:\/\/schema.org","@graph":[{"@type":"WebPage","@id":"https:\/\/jaagrivilla.ee\/ru\/galierieia\/","url":"https:\/\/jaagrivilla.ee\/ru\/galierieia\/","name":"\u0413\u0430\u043b\u0435\u0440\u0435\u044f - J\u00e4\u00e4gri Villa","isPartOf":{"@id":"https:\/\/jaagrivilla.ee\/#website"},"datePublished":"2017-10-17T11:21:01+00:00","dateModified":"2022-06-28T12:55:06+00:00","description":"J\u00e4\u00e4gri Villa \u0413\u0430\u043b\u0435\u0440\u0435\u044f","breadcrumb":{"@id":"https:\/\/jaagrivilla.ee\/ru\/galierieia\/#breadcrumb"},"inLanguage":"ru-RU","potentialAction":[{"@type":"ReadAction","target":["https:\/\/jaagrivilla.ee\/ru\/galierieia\/"]}]},{"@type":"BreadcrumbList","@id":"https:\/\/jaagrivilla.ee\/ru\/galierieia\/#breadcrumb","itemListElement":[{"@type":"ListItem","position":1,"name":"Home","item":"https:\/\/jaagrivilla.ee\/ru\/"},{"@type":"ListItem","position":2,"name":"\u0413\u0430\u043b\u0435\u0440\u0435\u044f"}]},{"@type":"WebSite","@id":"https:\/\/jaagrivilla.ee\/#website","url":"https:\/\/jaagrivilla.ee\/","name":"J\u00e4\u00e4gri Villa","description":"","potentialAction":[{"@type":"SearchAction","target":{"@type":"EntryPoint","urlTemplate":"https:\/\/jaagrivilla.ee\/?s={search_term_string}"},"query-input":{"@type":"PropertyValueSpecification","valueRequired":true,"valueName":"search_term_string"}}],"inLanguage":"ru-RU"}]}},"_links":{"self":[{"href":"https:\/\/jaagrivilla.ee\/ru\/wp-json\/wp\/v2\/pages\/378","targetHints":{"allow":["GET"]}}],"collection":[{"href":"https:\/\/jaagrivilla.ee\/ru\/wp-json\/wp\/v2\/pages"}],"about":[{"href":"https:\/\/jaagrivilla.ee\/ru\/wp-json\/wp\/v2\/types\/page"}],"author":[{"embeddable":true,"href":"https:\/\/jaagrivilla.ee\/ru\/wp-json\/wp\/v2\/users\/1"}],"replies":[{"embeddable":true,"href":"https:\/\/jaagrivilla.ee\/ru\/wp-json\/wp\/v2\/comments?post=378"}],"version-history":[{"count":5,"href":"https:\/\/jaagrivilla.ee\/ru\/wp-json\/wp\/v2\/pages\/378\/revisions"}],"predecessor-version":[{"id":624,"href":"https:\/\/jaagrivilla.ee\/ru\/wp-json\/wp\/v2\/pages\/378\/revisions\/624"}],"wp:attachment":[{"href":"https:\/\/jaagrivilla.ee\/ru\/wp-json\/wp\/v2\/media?parent=378"}],"curies":[{"name":"wp","href":"https:\/\/api.w.org\/{rel}","templated":true}]}}