{"id":336,"date":"2017-10-17T11:21:21","date_gmt":"2017-10-17T11:21:21","guid":{"rendered":"https:\/\/jaagrivilla.ee\/kontakt\/"},"modified":"2018-02-22T14:57:40","modified_gmt":"2018-02-22T14:57:40","slug":"yhteystiedot","status":"publish","type":"page","link":"https:\/\/jaagrivilla.ee\/fi\/yhteystiedot\/","title":{"rendered":"Yhteystiedot"},"content":{"rendered":"<h3>J\u00e4\u00e4gri Villa<\/h3>\n<p><strong>Osoite:<\/strong> Albun kyl\u00e4, J\u00e4rvan kunta, J\u00e4rvamaa<br \/>\n<strong>Puhelin:<\/strong> +372 5885 6955<br \/>\n<strong>S\u00e4hk\u00f6posti:<\/strong> <a href=\"mailto:info@jaagrivilla.ee\">info@jaagrivilla.ee<\/a><br \/>\n<strong>Facebook:<\/strong> <a href=\"https:\/\/www.facebook.com\/J%C3%A4%C3%A4gri-Villa-345658512264517\/\" target=\"_blank\" rel=\"noopener\">jaagrivilla<\/a><br \/>\n<strong>Valeri Homin:<\/strong> +372 527 6087<br \/>\n<strong>GPS:<\/strong> X:6558485 Y:594800<\/p>\n","protected":false},"excerpt":{"rendered":"<p>J\u00e4\u00e4gri Villa Osoite: Albun kyl\u00e4, J\u00e4rvan kunta, J\u00e4rvamaa Puhelin: +372 5885 6955 S\u00e4hk\u00f6posti: info@jaagrivilla.ee<span class=\"excerpt-hellip\"> [\u2026]<\/span><\/p>\n","protected":false},"author":1,"featured_media":0,"parent":0,"menu_order":0,"comment_status":"closed","ping_status":"closed","template":"","meta":{"ngg_post_thumbnail":0,"footnotes":""},"class_list":["post-336","page","type-page","status-publish","hentry"],"yoast_head":"<!-- This site is optimized with the Yoast SEO plugin v26.9 - https:\/\/yoast.com\/product\/yoast-seo-wordpress\/ -->\n<title>Yhteystiedot - J\u00e4\u00e4gri Villa<\/title>\n<meta name=\"description\" content=\"Osoite: Albun kyl\u00e4, J\u00e4rvan kunta, J\u00e4rvamaa; Puhelin: +372 5885 6955; S\u00e4hk\u00f6posti: info@jaagrivilla.ee; GPS: X:6558485 Y:5948\" \/>\n<meta name=\"robots\" content=\"index, follow, max-snippet:-1, max-image-preview:large, max-video-preview:-1\" \/>\n<link rel=\"canonical\" href=\"https:\/\/jaagrivilla.ee\/fi\/yhteystiedot\/\" \/>\n<meta property=\"og:locale\" content=\"fi_FI\" \/>\n<meta property=\"og:type\" content=\"article\" \/>\n<meta property=\"og:title\" content=\"Yhteystiedot - J\u00e4\u00e4gri Villa\" \/>\n<meta property=\"og:description\" content=\"Osoite: Albun kyl\u00e4, J\u00e4rvan kunta, J\u00e4rvamaa; Puhelin: +372 5885 6955; S\u00e4hk\u00f6posti: info@jaagrivilla.ee; GPS: X:6558485 Y:5948\" \/>\n<meta property=\"og:url\" content=\"https:\/\/jaagrivilla.ee\/fi\/yhteystiedot\/\" \/>\n<meta property=\"og:site_name\" content=\"J\u00e4\u00e4gri Villa\" \/>\n<meta property=\"article:modified_time\" content=\"2018-02-22T14:57:40+00:00\" \/>\n<meta name=\"twitter:card\" content=\"summary_large_image\" \/>\n<script type=\"application\/ld+json\" class=\"yoast-schema-graph\">{\"@context\":\"https:\/\/schema.org\",\"@graph\":[{\"@type\":\"WebPage\",\"@id\":\"https:\/\/jaagrivilla.ee\/fi\/yhteystiedot\/\",\"url\":\"https:\/\/jaagrivilla.ee\/fi\/yhteystiedot\/\",\"name\":\"Yhteystiedot - J\u00e4\u00e4gri Villa\",\"isPartOf\":{\"@id\":\"https:\/\/jaagrivilla.ee\/#website\"},\"datePublished\":\"2017-10-17T11:21:21+00:00\",\"dateModified\":\"2018-02-22T14:57:40+00:00\",\"description\":\"Osoite: Albun kyl\u00e4, J\u00e4rvan kunta, J\u00e4rvamaa; Puhelin: +372 5885 6955; S\u00e4hk\u00f6posti: info@jaagrivilla.ee; GPS: X:6558485 Y:5948\",\"breadcrumb\":{\"@id\":\"https:\/\/jaagrivilla.ee\/fi\/yhteystiedot\/#breadcrumb\"},\"inLanguage\":\"fi\",\"potentialAction\":[{\"@type\":\"ReadAction\",\"target\":[\"https:\/\/jaagrivilla.ee\/fi\/yhteystiedot\/\"]}]},{\"@type\":\"BreadcrumbList\",\"@id\":\"https:\/\/jaagrivilla.ee\/fi\/yhteystiedot\/#breadcrumb\",\"itemListElement\":[{\"@type\":\"ListItem\",\"position\":1,\"name\":\"Home\",\"item\":\"https:\/\/jaagrivilla.ee\/fi\/\"},{\"@type\":\"ListItem\",\"position\":2,\"name\":\"Yhteystiedot\"}]},{\"@type\":\"WebSite\",\"@id\":\"https:\/\/jaagrivilla.ee\/#website\",\"url\":\"https:\/\/jaagrivilla.ee\/\",\"name\":\"J\u00e4\u00e4gri Villa\",\"description\":\"\",\"potentialAction\":[{\"@type\":\"SearchAction\",\"target\":{\"@type\":\"EntryPoint\",\"urlTemplate\":\"https:\/\/jaagrivilla.ee\/?s={search_term_string}\"},\"query-input\":{\"@type\":\"PropertyValueSpecification\",\"valueRequired\":true,\"valueName\":\"search_term_string\"}}],\"inLanguage\":\"fi\"}]}<\/script>\n<!-- \/ Yoast SEO plugin. -->","yoast_head_json":{"title":"Yhteystiedot - J\u00e4\u00e4gri Villa","description":"Osoite: Albun kyl\u00e4, J\u00e4rvan kunta, J\u00e4rvamaa; Puhelin: +372 5885 6955; S\u00e4hk\u00f6posti: info@jaagrivilla.ee; GPS: X:6558485 Y:5948","robots":{"index":"index","follow":"follow","max-snippet":"max-snippet:-1","max-image-preview":"max-image-preview:large","max-video-preview":"max-video-preview:-1"},"canonical":"https:\/\/jaagrivilla.ee\/fi\/yhteystiedot\/","og_locale":"fi_FI","og_type":"article","og_title":"Yhteystiedot - J\u00e4\u00e4gri Villa","og_description":"Osoite: Albun kyl\u00e4, J\u00e4rvan kunta, J\u00e4rvamaa; Puhelin: +372 5885 6955; S\u00e4hk\u00f6posti: info@jaagrivilla.ee; GPS: X:6558485 Y:5948","og_url":"https:\/\/jaagrivilla.ee\/fi\/yhteystiedot\/","og_site_name":"J\u00e4\u00e4gri Villa","article_modified_time":"2018-02-22T14:57:40+00:00","twitter_card":"summary_large_image","schema":{"@context":"https:\/\/schema.org","@graph":[{"@type":"WebPage","@id":"https:\/\/jaagrivilla.ee\/fi\/yhteystiedot\/","url":"https:\/\/jaagrivilla.ee\/fi\/yhteystiedot\/","name":"Yhteystiedot - J\u00e4\u00e4gri Villa","isPartOf":{"@id":"https:\/\/jaagrivilla.ee\/#website"},"datePublished":"2017-10-17T11:21:21+00:00","dateModified":"2018-02-22T14:57:40+00:00","description":"Osoite: Albun kyl\u00e4, J\u00e4rvan kunta, J\u00e4rvamaa; Puhelin: +372 5885 6955; S\u00e4hk\u00f6posti: info@jaagrivilla.ee; GPS: X:6558485 Y:5948","breadcrumb":{"@id":"https:\/\/jaagrivilla.ee\/fi\/yhteystiedot\/#breadcrumb"},"inLanguage":"fi","potentialAction":[{"@type":"ReadAction","target":["https:\/\/jaagrivilla.ee\/fi\/yhteystiedot\/"]}]},{"@type":"BreadcrumbList","@id":"https:\/\/jaagrivilla.ee\/fi\/yhteystiedot\/#breadcrumb","itemListElement":[{"@type":"ListItem","position":1,"name":"Home","item":"https:\/\/jaagrivilla.ee\/fi\/"},{"@type":"ListItem","position":2,"name":"Yhteystiedot"}]},{"@type":"WebSite","@id":"https:\/\/jaagrivilla.ee\/#website","url":"https:\/\/jaagrivilla.ee\/","name":"J\u00e4\u00e4gri Villa","description":"","potentialAction":[{"@type":"SearchAction","target":{"@type":"EntryPoint","urlTemplate":"https:\/\/jaagrivilla.ee\/?s={search_term_string}"},"query-input":{"@type":"PropertyValueSpecification","valueRequired":true,"valueName":"search_term_string"}}],"inLanguage":"fi"}]}},"_links":{"self":[{"href":"https:\/\/jaagrivilla.ee\/fi\/wp-json\/wp\/v2\/pages\/336","targetHints":{"allow":["GET"]}}],"collection":[{"href":"https:\/\/jaagrivilla.ee\/fi\/wp-json\/wp\/v2\/pages"}],"about":[{"href":"https:\/\/jaagrivilla.ee\/fi\/wp-json\/wp\/v2\/types\/page"}],"author":[{"embeddable":true,"href":"https:\/\/jaagrivilla.ee\/fi\/wp-json\/wp\/v2\/users\/1"}],"replies":[{"embeddable":true,"href":"https:\/\/jaagrivilla.ee\/fi\/wp-json\/wp\/v2\/comments?post=336"}],"version-history":[{"count":2,"href":"https:\/\/jaagrivilla.ee\/fi\/wp-json\/wp\/v2\/pages\/336\/revisions"}],"predecessor-version":[{"id":409,"href":"https:\/\/jaagrivilla.ee\/fi\/wp-json\/wp\/v2\/pages\/336\/revisions\/409"}],"wp:attachment":[{"href":"https:\/\/jaagrivilla.ee\/fi\/wp-json\/wp\/v2\/media?parent=336"}],"curies":[{"name":"wp","href":"https:\/\/api.w.org\/{rel}","templated":true}]}}