{"id":325,"date":"2017-10-18T10:40:29","date_gmt":"2017-10-18T10:40:29","guid":{"rendered":"https:\/\/jaagrivilla.ee\/palvelut\/ruumide-rent\/"},"modified":"2018-02-22T14:56:25","modified_gmt":"2018-02-22T14:56:25","slug":"tilavuokraus","status":"publish","type":"page","link":"https:\/\/jaagrivilla.ee\/fi\/tilavuokraus\/","title":{"rendered":"Tilavuokraus"},"content":{"rendered":"<h3>Tilavuokraus<\/h3>\n<p>Talomme viihtyis\u00e4t tilat antavat mahdollisuuden erilaisten tapahtumien ja seminaarien j\u00e4rjest\u00e4miseen. Suureen juhlasaliimme mahtuu 50-60 vierasta \u2013 k\u00e4ytett\u00e4viss\u00e4nne on valkokangas, dataprojektori sek\u00e4 fl\u00e4ppitaulu.<\/p>\n<p>Pieneen saliin, jonka yhteydess\u00e4 on my\u00f6s sauna, mahtuu 20-30 vierasta.<\/p>\n<p>Muistathan tiloja vuokratessasi, ett\u00e4 voimme tarjoilla tapahtumaanne my\u00f6s sopivan ruokailun \u2013 taukokahvit, pikkupurtavat, lounaan tai juhlaillallisen.<\/p>\n","protected":false},"excerpt":{"rendered":"<p>Tilavuokraus Talomme viihtyis\u00e4t tilat antavat mahdollisuuden erilaisten tapahtumien ja seminaarien j\u00e4rjest\u00e4miseen. Suureen juhlasaliimme mahtuu<span class=\"excerpt-hellip\"> [\u2026]<\/span><\/p>\n","protected":false},"author":1,"featured_media":0,"parent":0,"menu_order":0,"comment_status":"closed","ping_status":"closed","template":"","meta":{"ngg_post_thumbnail":0,"footnotes":""},"class_list":["post-325","page","type-page","status-publish","hentry"],"yoast_head":"<!-- This site is optimized with the Yoast SEO plugin v26.9 - https:\/\/yoast.com\/product\/yoast-seo-wordpress\/ -->\n<title>Tilavuokraus - J\u00e4\u00e4gri Villa<\/title>\n<meta name=\"description\" content=\"Talomme viihtyis\u00e4t tilat antavat mahdollisuuden erilaisten tapahtumien ja seminaarien j\u00e4rjest\u00e4miseen. Suureen juhlasaliimme mahtuu 50-60 vierasta \u2013 k\u00e4ytett\u00e4viss\u00e4nne on valkokangas, dataprojektori sek\u00e4 fl\u00e4ppitaulu.\" \/>\n<meta name=\"robots\" content=\"index, follow, max-snippet:-1, max-image-preview:large, max-video-preview:-1\" \/>\n<link rel=\"canonical\" href=\"https:\/\/jaagrivilla.ee\/fi\/tilavuokraus\/\" \/>\n<meta property=\"og:locale\" content=\"fi_FI\" \/>\n<meta property=\"og:type\" content=\"article\" \/>\n<meta property=\"og:title\" content=\"Tilavuokraus - J\u00e4\u00e4gri Villa\" \/>\n<meta property=\"og:description\" content=\"Talomme viihtyis\u00e4t tilat antavat mahdollisuuden erilaisten tapahtumien ja seminaarien j\u00e4rjest\u00e4miseen. Suureen juhlasaliimme mahtuu 50-60 vierasta \u2013 k\u00e4ytett\u00e4viss\u00e4nne on valkokangas, dataprojektori sek\u00e4 fl\u00e4ppitaulu.\" \/>\n<meta property=\"og:url\" content=\"https:\/\/jaagrivilla.ee\/fi\/tilavuokraus\/\" \/>\n<meta property=\"og:site_name\" content=\"J\u00e4\u00e4gri Villa\" \/>\n<meta property=\"article:modified_time\" content=\"2018-02-22T14:56:25+00:00\" \/>\n<meta name=\"twitter:card\" content=\"summary_large_image\" \/>\n<script type=\"application\/ld+json\" class=\"yoast-schema-graph\">{\"@context\":\"https:\/\/schema.org\",\"@graph\":[{\"@type\":\"WebPage\",\"@id\":\"https:\/\/jaagrivilla.ee\/fi\/tilavuokraus\/\",\"url\":\"https:\/\/jaagrivilla.ee\/fi\/tilavuokraus\/\",\"name\":\"Tilavuokraus - J\u00e4\u00e4gri Villa\",\"isPartOf\":{\"@id\":\"https:\/\/jaagrivilla.ee\/#website\"},\"datePublished\":\"2017-10-18T10:40:29+00:00\",\"dateModified\":\"2018-02-22T14:56:25+00:00\",\"description\":\"Talomme viihtyis\u00e4t tilat antavat mahdollisuuden erilaisten tapahtumien ja seminaarien j\u00e4rjest\u00e4miseen. Suureen juhlasaliimme mahtuu 50-60 vierasta \u2013 k\u00e4ytett\u00e4viss\u00e4nne on valkokangas, dataprojektori sek\u00e4 fl\u00e4ppitaulu.\",\"breadcrumb\":{\"@id\":\"https:\/\/jaagrivilla.ee\/fi\/tilavuokraus\/#breadcrumb\"},\"inLanguage\":\"fi\",\"potentialAction\":[{\"@type\":\"ReadAction\",\"target\":[\"https:\/\/jaagrivilla.ee\/fi\/tilavuokraus\/\"]}]},{\"@type\":\"BreadcrumbList\",\"@id\":\"https:\/\/jaagrivilla.ee\/fi\/tilavuokraus\/#breadcrumb\",\"itemListElement\":[{\"@type\":\"ListItem\",\"position\":1,\"name\":\"Home\",\"item\":\"https:\/\/jaagrivilla.ee\/fi\/\"},{\"@type\":\"ListItem\",\"position\":2,\"name\":\"Tilavuokraus\"}]},{\"@type\":\"WebSite\",\"@id\":\"https:\/\/jaagrivilla.ee\/#website\",\"url\":\"https:\/\/jaagrivilla.ee\/\",\"name\":\"J\u00e4\u00e4gri Villa\",\"description\":\"\",\"potentialAction\":[{\"@type\":\"SearchAction\",\"target\":{\"@type\":\"EntryPoint\",\"urlTemplate\":\"https:\/\/jaagrivilla.ee\/?s={search_term_string}\"},\"query-input\":{\"@type\":\"PropertyValueSpecification\",\"valueRequired\":true,\"valueName\":\"search_term_string\"}}],\"inLanguage\":\"fi\"}]}<\/script>\n<!-- \/ Yoast SEO plugin. -->","yoast_head_json":{"title":"Tilavuokraus - J\u00e4\u00e4gri Villa","description":"Talomme viihtyis\u00e4t tilat antavat mahdollisuuden erilaisten tapahtumien ja seminaarien j\u00e4rjest\u00e4miseen. Suureen juhlasaliimme mahtuu 50-60 vierasta \u2013 k\u00e4ytett\u00e4viss\u00e4nne on valkokangas, dataprojektori sek\u00e4 fl\u00e4ppitaulu.","robots":{"index":"index","follow":"follow","max-snippet":"max-snippet:-1","max-image-preview":"max-image-preview:large","max-video-preview":"max-video-preview:-1"},"canonical":"https:\/\/jaagrivilla.ee\/fi\/tilavuokraus\/","og_locale":"fi_FI","og_type":"article","og_title":"Tilavuokraus - J\u00e4\u00e4gri Villa","og_description":"Talomme viihtyis\u00e4t tilat antavat mahdollisuuden erilaisten tapahtumien ja seminaarien j\u00e4rjest\u00e4miseen. Suureen juhlasaliimme mahtuu 50-60 vierasta \u2013 k\u00e4ytett\u00e4viss\u00e4nne on valkokangas, dataprojektori sek\u00e4 fl\u00e4ppitaulu.","og_url":"https:\/\/jaagrivilla.ee\/fi\/tilavuokraus\/","og_site_name":"J\u00e4\u00e4gri Villa","article_modified_time":"2018-02-22T14:56:25+00:00","twitter_card":"summary_large_image","schema":{"@context":"https:\/\/schema.org","@graph":[{"@type":"WebPage","@id":"https:\/\/jaagrivilla.ee\/fi\/tilavuokraus\/","url":"https:\/\/jaagrivilla.ee\/fi\/tilavuokraus\/","name":"Tilavuokraus - J\u00e4\u00e4gri Villa","isPartOf":{"@id":"https:\/\/jaagrivilla.ee\/#website"},"datePublished":"2017-10-18T10:40:29+00:00","dateModified":"2018-02-22T14:56:25+00:00","description":"Talomme viihtyis\u00e4t tilat antavat mahdollisuuden erilaisten tapahtumien ja seminaarien j\u00e4rjest\u00e4miseen. Suureen juhlasaliimme mahtuu 50-60 vierasta \u2013 k\u00e4ytett\u00e4viss\u00e4nne on valkokangas, dataprojektori sek\u00e4 fl\u00e4ppitaulu.","breadcrumb":{"@id":"https:\/\/jaagrivilla.ee\/fi\/tilavuokraus\/#breadcrumb"},"inLanguage":"fi","potentialAction":[{"@type":"ReadAction","target":["https:\/\/jaagrivilla.ee\/fi\/tilavuokraus\/"]}]},{"@type":"BreadcrumbList","@id":"https:\/\/jaagrivilla.ee\/fi\/tilavuokraus\/#breadcrumb","itemListElement":[{"@type":"ListItem","position":1,"name":"Home","item":"https:\/\/jaagrivilla.ee\/fi\/"},{"@type":"ListItem","position":2,"name":"Tilavuokraus"}]},{"@type":"WebSite","@id":"https:\/\/jaagrivilla.ee\/#website","url":"https:\/\/jaagrivilla.ee\/","name":"J\u00e4\u00e4gri Villa","description":"","potentialAction":[{"@type":"SearchAction","target":{"@type":"EntryPoint","urlTemplate":"https:\/\/jaagrivilla.ee\/?s={search_term_string}"},"query-input":{"@type":"PropertyValueSpecification","valueRequired":true,"valueName":"search_term_string"}}],"inLanguage":"fi"}]}},"_links":{"self":[{"href":"https:\/\/jaagrivilla.ee\/fi\/wp-json\/wp\/v2\/pages\/325","targetHints":{"allow":["GET"]}}],"collection":[{"href":"https:\/\/jaagrivilla.ee\/fi\/wp-json\/wp\/v2\/pages"}],"about":[{"href":"https:\/\/jaagrivilla.ee\/fi\/wp-json\/wp\/v2\/types\/page"}],"author":[{"embeddable":true,"href":"https:\/\/jaagrivilla.ee\/fi\/wp-json\/wp\/v2\/users\/1"}],"replies":[{"embeddable":true,"href":"https:\/\/jaagrivilla.ee\/fi\/wp-json\/wp\/v2\/comments?post=325"}],"version-history":[{"count":3,"href":"https:\/\/jaagrivilla.ee\/fi\/wp-json\/wp\/v2\/pages\/325\/revisions"}],"predecessor-version":[{"id":423,"href":"https:\/\/jaagrivilla.ee\/fi\/wp-json\/wp\/v2\/pages\/325\/revisions\/423"}],"wp:attachment":[{"href":"https:\/\/jaagrivilla.ee\/fi\/wp-json\/wp\/v2\/media?parent=325"}],"curies":[{"name":"wp","href":"https:\/\/api.w.org\/{rel}","templated":true}]}}