{"id":323,"date":"2017-10-17T18:06:44","date_gmt":"2017-10-17T18:06:44","guid":{"rendered":"https:\/\/jaagrivilla.ee\/palvelut\/toitlustus\/"},"modified":"2018-02-22T14:55:32","modified_gmt":"2018-02-22T14:55:32","slug":"ruokailu","status":"publish","type":"page","link":"https:\/\/jaagrivilla.ee\/fi\/ruokailu\/","title":{"rendered":"Ruokailu"},"content":{"rendered":"<h3>Ruokailu<\/h3>\n<p>Tarjoamme vieraillemme huolella ja rakkaudella valmistettua l\u00e4hiruokaa. Mehevien liharuokien, herkullisten leivonnaisten ja tuoreiden salaattien raaka-aineet pyrimme hankkimaan paikallisilta yritt\u00e4jilt\u00e4 aina kun se v\u00e4h\u00e4nkin on mahdollista.<\/p>\n<p>Keitti\u00f6ss\u00e4mme syntyv\u00e4t herkulliset juhlaruoat, saunailtojen pikkupurtavat sek\u00e4 v\u00e4lipalat ja seminaarien kahvitaukojen tarjoilut. Avullamme voit j\u00e4rjest\u00e4\u00e4 viihtyis\u00e4n illallisen takkatulen loisteessa, romanttisen piknikin joen rannalle tai tilata vaikka l\u00e4mpim\u00e4n keittoaterian mets\u00e4retken nuotiopaikalle. L\u00f6yd\u00e4mme ratkaisun tilanteeseen kuin tilanteeseen.<\/p>\n<p>Otamme aina huomioon asiakkaiden toiveet ja l\u00f6yd\u00e4mme yhdess\u00e4 sopivan menun juuri Sinua ja seuruettasi varten.<\/p>\n","protected":false},"excerpt":{"rendered":"<p>Ruokailu Tarjoamme vieraillemme huolella ja rakkaudella valmistettua l\u00e4hiruokaa. Mehevien liharuokien, herkullisten leivonnaisten ja tuoreiden<span class=\"excerpt-hellip\"> [\u2026]<\/span><\/p>\n","protected":false},"author":1,"featured_media":0,"parent":0,"menu_order":0,"comment_status":"closed","ping_status":"closed","template":"","meta":{"ngg_post_thumbnail":0,"footnotes":""},"class_list":["post-323","page","type-page","status-publish","hentry"],"yoast_head":"<!-- This site is optimized with the Yoast SEO plugin v26.9 - https:\/\/yoast.com\/product\/yoast-seo-wordpress\/ -->\n<title>Ruokailu - J\u00e4\u00e4gri Villa<\/title>\n<meta name=\"description\" content=\"Tarjoamme vieraillemme huolella ja rakkaudella valmistettua l\u00e4hiruokaa. Mehevien liharuokien, herkullisten leivonnaisten ja tuoreiden salaattien raaka-aineet pyrimme hankkimaan paikallisilta yritt\u00e4jilt\u00e4 aina kun se v\u00e4h\u00e4nkin on mahdollista.\" \/>\n<meta name=\"robots\" content=\"index, follow, max-snippet:-1, max-image-preview:large, max-video-preview:-1\" \/>\n<link rel=\"canonical\" href=\"https:\/\/jaagrivilla.ee\/fi\/ruokailu\/\" \/>\n<meta property=\"og:locale\" content=\"fi_FI\" \/>\n<meta property=\"og:type\" content=\"article\" \/>\n<meta property=\"og:title\" content=\"Ruokailu - J\u00e4\u00e4gri Villa\" \/>\n<meta property=\"og:description\" content=\"Tarjoamme vieraillemme huolella ja rakkaudella valmistettua l\u00e4hiruokaa. Mehevien liharuokien, herkullisten leivonnaisten ja tuoreiden salaattien raaka-aineet pyrimme hankkimaan paikallisilta yritt\u00e4jilt\u00e4 aina kun se v\u00e4h\u00e4nkin on mahdollista.\" \/>\n<meta property=\"og:url\" content=\"https:\/\/jaagrivilla.ee\/fi\/ruokailu\/\" \/>\n<meta property=\"og:site_name\" content=\"J\u00e4\u00e4gri Villa\" \/>\n<meta property=\"article:modified_time\" content=\"2018-02-22T14:55:32+00:00\" \/>\n<meta name=\"twitter:card\" content=\"summary_large_image\" \/>\n<script type=\"application\/ld+json\" class=\"yoast-schema-graph\">{\"@context\":\"https:\/\/schema.org\",\"@graph\":[{\"@type\":\"WebPage\",\"@id\":\"https:\/\/jaagrivilla.ee\/fi\/ruokailu\/\",\"url\":\"https:\/\/jaagrivilla.ee\/fi\/ruokailu\/\",\"name\":\"Ruokailu - J\u00e4\u00e4gri Villa\",\"isPartOf\":{\"@id\":\"https:\/\/jaagrivilla.ee\/#website\"},\"datePublished\":\"2017-10-17T18:06:44+00:00\",\"dateModified\":\"2018-02-22T14:55:32+00:00\",\"description\":\"Tarjoamme vieraillemme huolella ja rakkaudella valmistettua l\u00e4hiruokaa. Mehevien liharuokien, herkullisten leivonnaisten ja tuoreiden salaattien raaka-aineet pyrimme hankkimaan paikallisilta yritt\u00e4jilt\u00e4 aina kun se v\u00e4h\u00e4nkin on mahdollista.\",\"breadcrumb\":{\"@id\":\"https:\/\/jaagrivilla.ee\/fi\/ruokailu\/#breadcrumb\"},\"inLanguage\":\"fi\",\"potentialAction\":[{\"@type\":\"ReadAction\",\"target\":[\"https:\/\/jaagrivilla.ee\/fi\/ruokailu\/\"]}]},{\"@type\":\"BreadcrumbList\",\"@id\":\"https:\/\/jaagrivilla.ee\/fi\/ruokailu\/#breadcrumb\",\"itemListElement\":[{\"@type\":\"ListItem\",\"position\":1,\"name\":\"Home\",\"item\":\"https:\/\/jaagrivilla.ee\/fi\/\"},{\"@type\":\"ListItem\",\"position\":2,\"name\":\"Ruokailu\"}]},{\"@type\":\"WebSite\",\"@id\":\"https:\/\/jaagrivilla.ee\/#website\",\"url\":\"https:\/\/jaagrivilla.ee\/\",\"name\":\"J\u00e4\u00e4gri Villa\",\"description\":\"\",\"potentialAction\":[{\"@type\":\"SearchAction\",\"target\":{\"@type\":\"EntryPoint\",\"urlTemplate\":\"https:\/\/jaagrivilla.ee\/?s={search_term_string}\"},\"query-input\":{\"@type\":\"PropertyValueSpecification\",\"valueRequired\":true,\"valueName\":\"search_term_string\"}}],\"inLanguage\":\"fi\"}]}<\/script>\n<!-- \/ Yoast SEO plugin. -->","yoast_head_json":{"title":"Ruokailu - J\u00e4\u00e4gri Villa","description":"Tarjoamme vieraillemme huolella ja rakkaudella valmistettua l\u00e4hiruokaa. Mehevien liharuokien, herkullisten leivonnaisten ja tuoreiden salaattien raaka-aineet pyrimme hankkimaan paikallisilta yritt\u00e4jilt\u00e4 aina kun se v\u00e4h\u00e4nkin on mahdollista.","robots":{"index":"index","follow":"follow","max-snippet":"max-snippet:-1","max-image-preview":"max-image-preview:large","max-video-preview":"max-video-preview:-1"},"canonical":"https:\/\/jaagrivilla.ee\/fi\/ruokailu\/","og_locale":"fi_FI","og_type":"article","og_title":"Ruokailu - J\u00e4\u00e4gri Villa","og_description":"Tarjoamme vieraillemme huolella ja rakkaudella valmistettua l\u00e4hiruokaa. Mehevien liharuokien, herkullisten leivonnaisten ja tuoreiden salaattien raaka-aineet pyrimme hankkimaan paikallisilta yritt\u00e4jilt\u00e4 aina kun se v\u00e4h\u00e4nkin on mahdollista.","og_url":"https:\/\/jaagrivilla.ee\/fi\/ruokailu\/","og_site_name":"J\u00e4\u00e4gri Villa","article_modified_time":"2018-02-22T14:55:32+00:00","twitter_card":"summary_large_image","schema":{"@context":"https:\/\/schema.org","@graph":[{"@type":"WebPage","@id":"https:\/\/jaagrivilla.ee\/fi\/ruokailu\/","url":"https:\/\/jaagrivilla.ee\/fi\/ruokailu\/","name":"Ruokailu - J\u00e4\u00e4gri Villa","isPartOf":{"@id":"https:\/\/jaagrivilla.ee\/#website"},"datePublished":"2017-10-17T18:06:44+00:00","dateModified":"2018-02-22T14:55:32+00:00","description":"Tarjoamme vieraillemme huolella ja rakkaudella valmistettua l\u00e4hiruokaa. Mehevien liharuokien, herkullisten leivonnaisten ja tuoreiden salaattien raaka-aineet pyrimme hankkimaan paikallisilta yritt\u00e4jilt\u00e4 aina kun se v\u00e4h\u00e4nkin on mahdollista.","breadcrumb":{"@id":"https:\/\/jaagrivilla.ee\/fi\/ruokailu\/#breadcrumb"},"inLanguage":"fi","potentialAction":[{"@type":"ReadAction","target":["https:\/\/jaagrivilla.ee\/fi\/ruokailu\/"]}]},{"@type":"BreadcrumbList","@id":"https:\/\/jaagrivilla.ee\/fi\/ruokailu\/#breadcrumb","itemListElement":[{"@type":"ListItem","position":1,"name":"Home","item":"https:\/\/jaagrivilla.ee\/fi\/"},{"@type":"ListItem","position":2,"name":"Ruokailu"}]},{"@type":"WebSite","@id":"https:\/\/jaagrivilla.ee\/#website","url":"https:\/\/jaagrivilla.ee\/","name":"J\u00e4\u00e4gri Villa","description":"","potentialAction":[{"@type":"SearchAction","target":{"@type":"EntryPoint","urlTemplate":"https:\/\/jaagrivilla.ee\/?s={search_term_string}"},"query-input":{"@type":"PropertyValueSpecification","valueRequired":true,"valueName":"search_term_string"}}],"inLanguage":"fi"}]}},"_links":{"self":[{"href":"https:\/\/jaagrivilla.ee\/fi\/wp-json\/wp\/v2\/pages\/323","targetHints":{"allow":["GET"]}}],"collection":[{"href":"https:\/\/jaagrivilla.ee\/fi\/wp-json\/wp\/v2\/pages"}],"about":[{"href":"https:\/\/jaagrivilla.ee\/fi\/wp-json\/wp\/v2\/types\/page"}],"author":[{"embeddable":true,"href":"https:\/\/jaagrivilla.ee\/fi\/wp-json\/wp\/v2\/users\/1"}],"replies":[{"embeddable":true,"href":"https:\/\/jaagrivilla.ee\/fi\/wp-json\/wp\/v2\/comments?post=323"}],"version-history":[{"count":1,"href":"https:\/\/jaagrivilla.ee\/fi\/wp-json\/wp\/v2\/pages\/323\/revisions"}],"predecessor-version":[{"id":324,"href":"https:\/\/jaagrivilla.ee\/fi\/wp-json\/wp\/v2\/pages\/323\/revisions\/324"}],"wp:attachment":[{"href":"https:\/\/jaagrivilla.ee\/fi\/wp-json\/wp\/v2\/media?parent=323"}],"curies":[{"name":"wp","href":"https:\/\/api.w.org\/{rel}","templated":true}]}}