{"id":321,"date":"2017-10-18T10:33:32","date_gmt":"2017-10-18T10:33:32","guid":{"rendered":"https:\/\/jaagrivilla.ee\/palvelut\/majutus\/"},"modified":"2018-02-22T14:54:01","modified_gmt":"2018-02-22T14:54:01","slug":"majoitus","status":"publish","type":"page","link":"https:\/\/jaagrivilla.ee\/fi\/majoitus\/","title":{"rendered":"Majoitus"},"content":{"rendered":"<h3>Majoitus<\/h3>\n<p>Virke\u00e4 ja lev\u00e4nnyt olo luo hyv\u00e4n l\u00e4ht\u00f6kohdan toimeliaalle p\u00e4iv\u00e4lle. Pehme\u00e4t s\u00e4nkymme, ylelliset tyynyt sek\u00e4 kevyet ja ilmavat peitot antavat Sinulle ja kehollesi levollisen y\u00f6unen, josta her\u00e4\u00e4minen on kuin luksusta\u2026<\/p>\n<p>J\u00e4\u00e4gri Villassa on yhteens\u00e4 9 vierashuonetta ja 19 vuodepaikkaa, lis\u00e4ksi voimme majoittaa lis\u00e4vuotein 8 ekstravierasta. Jokainen huone on erilainen ja viihtyis\u00e4. Huoneet sijaitsevat rakennuksen kahdessa eri siivess\u00e4.<\/p>\n<p>Oikeanpuoleisessa siivess\u00e4 on 5 kahden hengen huonetta (10 vuodepaikkaa). Kaikissa huoneissa on TV sek\u00e4 langaton ja kiinte\u00e4 nettiyhteys. Vieraiden k\u00e4ytett\u00e4viss\u00e4 on nelj\u00e4 wc\/suihkuhuonetta ja televisiolla varustettu viihtyis\u00e4 oleskelutila.<\/p>\n<p>Talon vasemmanpuoleisesta siivest\u00e4 l\u00f6ytyy 4 huonetta (9 vuodepaikkaa), joista kaksi on sviittej\u00e4. Kumpaankin sviittiin mahtuu tarvittaessa nelj\u00e4 lis\u00e4paikkaa. Huoneissa on TV, langaton ja kiinte\u00e4 nettiyhteys, wc sek\u00e4 suihku.<\/p>\n","protected":false},"excerpt":{"rendered":"<p>Majoitus Virke\u00e4 ja lev\u00e4nnyt olo luo hyv\u00e4n l\u00e4ht\u00f6kohdan toimeliaalle p\u00e4iv\u00e4lle. Pehme\u00e4t s\u00e4nkymme, ylelliset tyynyt<span class=\"excerpt-hellip\"> [\u2026]<\/span><\/p>\n","protected":false},"author":1,"featured_media":0,"parent":0,"menu_order":0,"comment_status":"closed","ping_status":"closed","template":"","meta":{"ngg_post_thumbnail":0,"footnotes":""},"class_list":["post-321","page","type-page","status-publish","hentry"],"yoast_head":"<!-- This site is optimized with the Yoast SEO plugin v26.9 - https:\/\/yoast.com\/product\/yoast-seo-wordpress\/ -->\n<title>Majoitus - J\u00e4\u00e4gri Villa<\/title>\n<meta name=\"description\" content=\"Virke\u00e4 ja lev\u00e4nnyt olo luo hyv\u00e4n l\u00e4ht\u00f6kohdan toimeliaalle p\u00e4iv\u00e4lle. Pehme\u00e4t s\u00e4nkymme, ylelliset tyynyt sek\u00e4 kevyet ja ilmavat peitot antavat Sinulle ja kehollesi levollisen y\u00f6unen, josta her\u00e4\u00e4minen on kuin luksusta.\" \/>\n<meta name=\"robots\" content=\"index, follow, max-snippet:-1, max-image-preview:large, max-video-preview:-1\" \/>\n<link rel=\"canonical\" href=\"https:\/\/jaagrivilla.ee\/fi\/majoitus\/\" \/>\n<meta property=\"og:locale\" content=\"fi_FI\" \/>\n<meta property=\"og:type\" content=\"article\" \/>\n<meta property=\"og:title\" content=\"Majoitus - J\u00e4\u00e4gri Villa\" \/>\n<meta property=\"og:description\" content=\"Virke\u00e4 ja lev\u00e4nnyt olo luo hyv\u00e4n l\u00e4ht\u00f6kohdan toimeliaalle p\u00e4iv\u00e4lle. Pehme\u00e4t s\u00e4nkymme, ylelliset tyynyt sek\u00e4 kevyet ja ilmavat peitot antavat Sinulle ja kehollesi levollisen y\u00f6unen, josta her\u00e4\u00e4minen on kuin luksusta.\" \/>\n<meta property=\"og:url\" content=\"https:\/\/jaagrivilla.ee\/fi\/majoitus\/\" \/>\n<meta property=\"og:site_name\" content=\"J\u00e4\u00e4gri Villa\" \/>\n<meta property=\"article:modified_time\" content=\"2018-02-22T14:54:01+00:00\" \/>\n<meta name=\"twitter:card\" content=\"summary_large_image\" \/>\n<meta name=\"twitter:label1\" content=\"Arvioitu lukuaika\" \/>\n\t<meta name=\"twitter:data1\" content=\"1 minuutti\" \/>\n<script type=\"application\/ld+json\" class=\"yoast-schema-graph\">{\"@context\":\"https:\/\/schema.org\",\"@graph\":[{\"@type\":\"WebPage\",\"@id\":\"https:\/\/jaagrivilla.ee\/fi\/majoitus\/\",\"url\":\"https:\/\/jaagrivilla.ee\/fi\/majoitus\/\",\"name\":\"Majoitus - J\u00e4\u00e4gri Villa\",\"isPartOf\":{\"@id\":\"https:\/\/jaagrivilla.ee\/#website\"},\"datePublished\":\"2017-10-18T10:33:32+00:00\",\"dateModified\":\"2018-02-22T14:54:01+00:00\",\"description\":\"Virke\u00e4 ja lev\u00e4nnyt olo luo hyv\u00e4n l\u00e4ht\u00f6kohdan toimeliaalle p\u00e4iv\u00e4lle. Pehme\u00e4t s\u00e4nkymme, ylelliset tyynyt sek\u00e4 kevyet ja ilmavat peitot antavat Sinulle ja kehollesi levollisen y\u00f6unen, josta her\u00e4\u00e4minen on kuin luksusta.\",\"breadcrumb\":{\"@id\":\"https:\/\/jaagrivilla.ee\/fi\/majoitus\/#breadcrumb\"},\"inLanguage\":\"fi\",\"potentialAction\":[{\"@type\":\"ReadAction\",\"target\":[\"https:\/\/jaagrivilla.ee\/fi\/majoitus\/\"]}]},{\"@type\":\"BreadcrumbList\",\"@id\":\"https:\/\/jaagrivilla.ee\/fi\/majoitus\/#breadcrumb\",\"itemListElement\":[{\"@type\":\"ListItem\",\"position\":1,\"name\":\"Home\",\"item\":\"https:\/\/jaagrivilla.ee\/fi\/\"},{\"@type\":\"ListItem\",\"position\":2,\"name\":\"Majoitus\"}]},{\"@type\":\"WebSite\",\"@id\":\"https:\/\/jaagrivilla.ee\/#website\",\"url\":\"https:\/\/jaagrivilla.ee\/\",\"name\":\"J\u00e4\u00e4gri Villa\",\"description\":\"\",\"potentialAction\":[{\"@type\":\"SearchAction\",\"target\":{\"@type\":\"EntryPoint\",\"urlTemplate\":\"https:\/\/jaagrivilla.ee\/?s={search_term_string}\"},\"query-input\":{\"@type\":\"PropertyValueSpecification\",\"valueRequired\":true,\"valueName\":\"search_term_string\"}}],\"inLanguage\":\"fi\"}]}<\/script>\n<!-- \/ Yoast SEO plugin. -->","yoast_head_json":{"title":"Majoitus - J\u00e4\u00e4gri Villa","description":"Virke\u00e4 ja lev\u00e4nnyt olo luo hyv\u00e4n l\u00e4ht\u00f6kohdan toimeliaalle p\u00e4iv\u00e4lle. Pehme\u00e4t s\u00e4nkymme, ylelliset tyynyt sek\u00e4 kevyet ja ilmavat peitot antavat Sinulle ja kehollesi levollisen y\u00f6unen, josta her\u00e4\u00e4minen on kuin luksusta.","robots":{"index":"index","follow":"follow","max-snippet":"max-snippet:-1","max-image-preview":"max-image-preview:large","max-video-preview":"max-video-preview:-1"},"canonical":"https:\/\/jaagrivilla.ee\/fi\/majoitus\/","og_locale":"fi_FI","og_type":"article","og_title":"Majoitus - J\u00e4\u00e4gri Villa","og_description":"Virke\u00e4 ja lev\u00e4nnyt olo luo hyv\u00e4n l\u00e4ht\u00f6kohdan toimeliaalle p\u00e4iv\u00e4lle. Pehme\u00e4t s\u00e4nkymme, ylelliset tyynyt sek\u00e4 kevyet ja ilmavat peitot antavat Sinulle ja kehollesi levollisen y\u00f6unen, josta her\u00e4\u00e4minen on kuin luksusta.","og_url":"https:\/\/jaagrivilla.ee\/fi\/majoitus\/","og_site_name":"J\u00e4\u00e4gri Villa","article_modified_time":"2018-02-22T14:54:01+00:00","twitter_card":"summary_large_image","twitter_misc":{"Arvioitu lukuaika":"1 minuutti"},"schema":{"@context":"https:\/\/schema.org","@graph":[{"@type":"WebPage","@id":"https:\/\/jaagrivilla.ee\/fi\/majoitus\/","url":"https:\/\/jaagrivilla.ee\/fi\/majoitus\/","name":"Majoitus - J\u00e4\u00e4gri Villa","isPartOf":{"@id":"https:\/\/jaagrivilla.ee\/#website"},"datePublished":"2017-10-18T10:33:32+00:00","dateModified":"2018-02-22T14:54:01+00:00","description":"Virke\u00e4 ja lev\u00e4nnyt olo luo hyv\u00e4n l\u00e4ht\u00f6kohdan toimeliaalle p\u00e4iv\u00e4lle. Pehme\u00e4t s\u00e4nkymme, ylelliset tyynyt sek\u00e4 kevyet ja ilmavat peitot antavat Sinulle ja kehollesi levollisen y\u00f6unen, josta her\u00e4\u00e4minen on kuin luksusta.","breadcrumb":{"@id":"https:\/\/jaagrivilla.ee\/fi\/majoitus\/#breadcrumb"},"inLanguage":"fi","potentialAction":[{"@type":"ReadAction","target":["https:\/\/jaagrivilla.ee\/fi\/majoitus\/"]}]},{"@type":"BreadcrumbList","@id":"https:\/\/jaagrivilla.ee\/fi\/majoitus\/#breadcrumb","itemListElement":[{"@type":"ListItem","position":1,"name":"Home","item":"https:\/\/jaagrivilla.ee\/fi\/"},{"@type":"ListItem","position":2,"name":"Majoitus"}]},{"@type":"WebSite","@id":"https:\/\/jaagrivilla.ee\/#website","url":"https:\/\/jaagrivilla.ee\/","name":"J\u00e4\u00e4gri Villa","description":"","potentialAction":[{"@type":"SearchAction","target":{"@type":"EntryPoint","urlTemplate":"https:\/\/jaagrivilla.ee\/?s={search_term_string}"},"query-input":{"@type":"PropertyValueSpecification","valueRequired":true,"valueName":"search_term_string"}}],"inLanguage":"fi"}]}},"_links":{"self":[{"href":"https:\/\/jaagrivilla.ee\/fi\/wp-json\/wp\/v2\/pages\/321","targetHints":{"allow":["GET"]}}],"collection":[{"href":"https:\/\/jaagrivilla.ee\/fi\/wp-json\/wp\/v2\/pages"}],"about":[{"href":"https:\/\/jaagrivilla.ee\/fi\/wp-json\/wp\/v2\/types\/page"}],"author":[{"embeddable":true,"href":"https:\/\/jaagrivilla.ee\/fi\/wp-json\/wp\/v2\/users\/1"}],"replies":[{"embeddable":true,"href":"https:\/\/jaagrivilla.ee\/fi\/wp-json\/wp\/v2\/comments?post=321"}],"version-history":[{"count":1,"href":"https:\/\/jaagrivilla.ee\/fi\/wp-json\/wp\/v2\/pages\/321\/revisions"}],"predecessor-version":[{"id":322,"href":"https:\/\/jaagrivilla.ee\/fi\/wp-json\/wp\/v2\/pages\/321\/revisions\/322"}],"wp:attachment":[{"href":"https:\/\/jaagrivilla.ee\/fi\/wp-json\/wp\/v2\/media?parent=321"}],"curies":[{"name":"wp","href":"https:\/\/api.w.org\/{rel}","templated":true}]}}