{"id":316,"date":"2017-10-17T10:54:32","date_gmt":"2017-10-17T10:54:32","guid":{"rendered":"https:\/\/jaagrivilla.ee\/avaleht\/"},"modified":"2018-02-22T14:51:42","modified_gmt":"2018-02-22T14:51:42","slug":"etusivu","status":"publish","type":"page","link":"https:\/\/jaagrivilla.ee\/fi\/","title":{"rendered":"Etusivu"},"content":{"rendered":"<p>&nbsp;<\/p>\n<p>Historiallinen ja arvokas Albun kartanon puisto, verkkaisesti virtaava Amblan joki sek\u00e4 tyylikk\u00e4\u00e4sti sisustettu J\u00e4\u00e4gri Villa luovat lomallesi nautittavan ymp\u00e4rist\u00f6n.<\/p>\n<p>Me t\u00e4yt\u00e4mme toiveesi, haluatpa sitten viett\u00e4\u00e4 laatuaikaa perheen kanssa, nauttia aktiivilomaa yst\u00e4vien seurassa, j\u00e4rjest\u00e4\u00e4 ideariihi\u00e4 ty\u00f6kavereiden kanssa tai tehd\u00e4 jotain muuta hauskaa ja<br \/>\nmieliinpainuvaa. Majoitus kaikilla mukavuuksilla, suussasulavat makuel\u00e4mykset sek\u00e4 monipuoliset mahdollisuudet vapaa-ajan viettoon tarjoavat ihanteelliset puitteet ikimuistoisille hetkille. Erityinen intohimomme on mets\u00e4stys ja kaikki siihen liittyv\u00e4.<\/p>\n<p>Ymp\u00e4rill\u00e4mme sijaitsee K\u00f5rvemaan maisemansuojelualue, jonka monimuotoista luontoa kruunaa Kakerdajan r\u00e4me. Suoretket virkist\u00e4v\u00e4t sek\u00e4 kehoa ett\u00e4 mielt\u00e4. Alueen hyvin hoidetut ulkoilu- ja hiihtoreitit t\u00e4ytt\u00e4v\u00e4t vaativammankin liikunnan ja urheilun yst\u00e4v\u00e4n .<\/p>\n<p>Kaipaatko el\u00e4m\u00e4\u00e4si ikimuistoisia seikkailuja? Hauskoja hetki\u00e4? Tai rauhaa ja hiljaisuutta?<\/p>\n<p>J\u00e4\u00e4gri Villa on paikka toiveidesi toteuttamiseen. Odotamme Sinua luoksemme &#8211; vilpitt\u00f6min, iloisin mielin.<\/p>\n<p>Tervetuloa!<\/p>\n","protected":false},"excerpt":{"rendered":"<p>&nbsp; Historiallinen ja arvokas Albun kartanon puisto, verkkaisesti virtaava Amblan joki sek\u00e4 tyylikk\u00e4\u00e4sti sisustettu<span class=\"excerpt-hellip\"> [\u2026]<\/span><\/p>\n","protected":false},"author":1,"featured_media":0,"parent":0,"menu_order":0,"comment_status":"closed","ping_status":"closed","template":"","meta":{"ngg_post_thumbnail":0,"footnotes":""},"class_list":["post-316","page","type-page","status-publish","hentry"],"yoast_head":"<!-- This site is optimized with the Yoast SEO plugin v26.9 - https:\/\/yoast.com\/product\/yoast-seo-wordpress\/ -->\n<title>Etusivu - J\u00e4\u00e4gri Villa<\/title>\n<meta name=\"description\" content=\"Historiallinen ja arvokas Albun kartanon puisto, verkkaisesti virtaava Amblan joki sek\u00e4 tyylikk\u00e4\u00e4sti sisustettu J\u00e4\u00e4gri Villa luovat lomallesi nautittavan ymp\u00e4rist\u00f6n.\" \/>\n<meta name=\"robots\" content=\"index, follow, max-snippet:-1, max-image-preview:large, max-video-preview:-1\" \/>\n<link rel=\"canonical\" href=\"https:\/\/jaagrivilla.ee\/fi\/\" \/>\n<meta property=\"og:locale\" content=\"fi_FI\" \/>\n<meta property=\"og:type\" content=\"article\" \/>\n<meta property=\"og:title\" content=\"Etusivu - J\u00e4\u00e4gri Villa\" \/>\n<meta property=\"og:description\" content=\"Historiallinen ja arvokas Albun kartanon puisto, verkkaisesti virtaava Amblan joki sek\u00e4 tyylikk\u00e4\u00e4sti sisustettu J\u00e4\u00e4gri Villa luovat lomallesi nautittavan ymp\u00e4rist\u00f6n.\" \/>\n<meta property=\"og:url\" content=\"https:\/\/jaagrivilla.ee\/fi\/\" \/>\n<meta property=\"og:site_name\" content=\"J\u00e4\u00e4gri Villa\" \/>\n<meta property=\"article:modified_time\" content=\"2018-02-22T14:51:42+00:00\" \/>\n<meta name=\"twitter:card\" content=\"summary_large_image\" \/>\n<meta name=\"twitter:label1\" content=\"Arvioitu lukuaika\" \/>\n\t<meta name=\"twitter:data1\" content=\"1 minuutti\" \/>\n<script type=\"application\/ld+json\" class=\"yoast-schema-graph\">{\"@context\":\"https:\/\/schema.org\",\"@graph\":[{\"@type\":\"WebPage\",\"@id\":\"https:\/\/jaagrivilla.ee\/fi\/\",\"url\":\"https:\/\/jaagrivilla.ee\/fi\/\",\"name\":\"Etusivu - J\u00e4\u00e4gri Villa\",\"isPartOf\":{\"@id\":\"https:\/\/jaagrivilla.ee\/#website\"},\"datePublished\":\"2017-10-17T10:54:32+00:00\",\"dateModified\":\"2018-02-22T14:51:42+00:00\",\"description\":\"Historiallinen ja arvokas Albun kartanon puisto, verkkaisesti virtaava Amblan joki sek\u00e4 tyylikk\u00e4\u00e4sti sisustettu J\u00e4\u00e4gri Villa luovat lomallesi nautittavan ymp\u00e4rist\u00f6n.\",\"breadcrumb\":{\"@id\":\"https:\/\/jaagrivilla.ee\/fi\/#breadcrumb\"},\"inLanguage\":\"fi\",\"potentialAction\":[{\"@type\":\"ReadAction\",\"target\":[\"https:\/\/jaagrivilla.ee\/fi\/\"]}]},{\"@type\":\"BreadcrumbList\",\"@id\":\"https:\/\/jaagrivilla.ee\/fi\/#breadcrumb\",\"itemListElement\":[{\"@type\":\"ListItem\",\"position\":1,\"name\":\"Home\",\"item\":\"https:\/\/jaagrivilla.ee\/fi\/\"},{\"@type\":\"ListItem\",\"position\":2,\"name\":\"Etusivu\"}]},{\"@type\":\"WebSite\",\"@id\":\"https:\/\/jaagrivilla.ee\/#website\",\"url\":\"https:\/\/jaagrivilla.ee\/\",\"name\":\"J\u00e4\u00e4gri Villa\",\"description\":\"\",\"potentialAction\":[{\"@type\":\"SearchAction\",\"target\":{\"@type\":\"EntryPoint\",\"urlTemplate\":\"https:\/\/jaagrivilla.ee\/?s={search_term_string}\"},\"query-input\":{\"@type\":\"PropertyValueSpecification\",\"valueRequired\":true,\"valueName\":\"search_term_string\"}}],\"inLanguage\":\"fi\"}]}<\/script>\n<!-- \/ Yoast SEO plugin. -->","yoast_head_json":{"title":"Etusivu - J\u00e4\u00e4gri Villa","description":"Historiallinen ja arvokas Albun kartanon puisto, verkkaisesti virtaava Amblan joki sek\u00e4 tyylikk\u00e4\u00e4sti sisustettu J\u00e4\u00e4gri Villa luovat lomallesi nautittavan ymp\u00e4rist\u00f6n.","robots":{"index":"index","follow":"follow","max-snippet":"max-snippet:-1","max-image-preview":"max-image-preview:large","max-video-preview":"max-video-preview:-1"},"canonical":"https:\/\/jaagrivilla.ee\/fi\/","og_locale":"fi_FI","og_type":"article","og_title":"Etusivu - J\u00e4\u00e4gri Villa","og_description":"Historiallinen ja arvokas Albun kartanon puisto, verkkaisesti virtaava Amblan joki sek\u00e4 tyylikk\u00e4\u00e4sti sisustettu J\u00e4\u00e4gri Villa luovat lomallesi nautittavan ymp\u00e4rist\u00f6n.","og_url":"https:\/\/jaagrivilla.ee\/fi\/","og_site_name":"J\u00e4\u00e4gri Villa","article_modified_time":"2018-02-22T14:51:42+00:00","twitter_card":"summary_large_image","twitter_misc":{"Arvioitu lukuaika":"1 minuutti"},"schema":{"@context":"https:\/\/schema.org","@graph":[{"@type":"WebPage","@id":"https:\/\/jaagrivilla.ee\/fi\/","url":"https:\/\/jaagrivilla.ee\/fi\/","name":"Etusivu - J\u00e4\u00e4gri Villa","isPartOf":{"@id":"https:\/\/jaagrivilla.ee\/#website"},"datePublished":"2017-10-17T10:54:32+00:00","dateModified":"2018-02-22T14:51:42+00:00","description":"Historiallinen ja arvokas Albun kartanon puisto, verkkaisesti virtaava Amblan joki sek\u00e4 tyylikk\u00e4\u00e4sti sisustettu J\u00e4\u00e4gri Villa luovat lomallesi nautittavan ymp\u00e4rist\u00f6n.","breadcrumb":{"@id":"https:\/\/jaagrivilla.ee\/fi\/#breadcrumb"},"inLanguage":"fi","potentialAction":[{"@type":"ReadAction","target":["https:\/\/jaagrivilla.ee\/fi\/"]}]},{"@type":"BreadcrumbList","@id":"https:\/\/jaagrivilla.ee\/fi\/#breadcrumb","itemListElement":[{"@type":"ListItem","position":1,"name":"Home","item":"https:\/\/jaagrivilla.ee\/fi\/"},{"@type":"ListItem","position":2,"name":"Etusivu"}]},{"@type":"WebSite","@id":"https:\/\/jaagrivilla.ee\/#website","url":"https:\/\/jaagrivilla.ee\/","name":"J\u00e4\u00e4gri Villa","description":"","potentialAction":[{"@type":"SearchAction","target":{"@type":"EntryPoint","urlTemplate":"https:\/\/jaagrivilla.ee\/?s={search_term_string}"},"query-input":{"@type":"PropertyValueSpecification","valueRequired":true,"valueName":"search_term_string"}}],"inLanguage":"fi"}]}},"_links":{"self":[{"href":"https:\/\/jaagrivilla.ee\/fi\/wp-json\/wp\/v2\/pages\/316","targetHints":{"allow":["GET"]}}],"collection":[{"href":"https:\/\/jaagrivilla.ee\/fi\/wp-json\/wp\/v2\/pages"}],"about":[{"href":"https:\/\/jaagrivilla.ee\/fi\/wp-json\/wp\/v2\/types\/page"}],"author":[{"embeddable":true,"href":"https:\/\/jaagrivilla.ee\/fi\/wp-json\/wp\/v2\/users\/1"}],"replies":[{"embeddable":true,"href":"https:\/\/jaagrivilla.ee\/fi\/wp-json\/wp\/v2\/comments?post=316"}],"version-history":[{"count":3,"href":"https:\/\/jaagrivilla.ee\/fi\/wp-json\/wp\/v2\/pages\/316\/revisions"}],"predecessor-version":[{"id":362,"href":"https:\/\/jaagrivilla.ee\/fi\/wp-json\/wp\/v2\/pages\/316\/revisions\/362"}],"wp:attachment":[{"href":"https:\/\/jaagrivilla.ee\/fi\/wp-json\/wp\/v2\/media?parent=316"}],"curies":[{"name":"wp","href":"https:\/\/api.w.org\/{rel}","templated":true}]}}