{"id":272,"date":"2017-10-17T11:21:01","date_gmt":"2017-10-17T11:21:01","guid":{"rendered":"https:\/\/jaagrivilla.ee\/galerii\/"},"modified":"2022-06-28T12:51:39","modified_gmt":"2022-06-28T12:51:39","slug":"gallery","status":"publish","type":"page","link":"https:\/\/jaagrivilla.ee\/en\/gallery\/","title":{"rendered":"Gallery"},"content":{"rendered":"<h3>Big hall<\/h3>\nngg_shortcode_0_placeholder\n<h3>Small hall<\/h3>\nngg_shortcode_1_placeholder\n<h3>Sauna<\/h3>\nngg_shortcode_2_placeholder\n<h3>Rooms<\/h3>\nngg_shortcode_3_placeholder\n<h3>J\u00e4\u00e4gri Villa<\/h3>\nngg_shortcode_4_placeholder\n<h3>Barrel sauna<\/h3>\nngg_shortcode_5_placeholder\n<h3>Glass house<\/h3>\nngg_shortcode_6_placeholder\n<h3>Activities<\/h3>\nngg_shortcode_7_placeholder\n<h3>Videos<\/h3>\n<div class=\"column one-second mobile-one\"><div class=\"mcb-column-inner\"><\/p>\n<p><iframe loading=\"lazy\" title=\"J\u00e4\u00e4gri Villa\" width=\"533\" height=\"300\" src=\"https:\/\/www.youtube.com\/embed\/DusnqENH1OI?feature=oembed\" frameborder=\"0\" allow=\"accelerometer; autoplay; clipboard-write; encrypted-media; gyroscope; picture-in-picture\" allowfullscreen><\/iframe><\/p>\n<p><\/div><\/div>\n\n<div class=\"column one-second mobile-one\"><div class=\"mcb-column-inner\"><\/p>\n<p><iframe loading=\"lazy\" title=\"J&amp;auml;&amp;auml;gri villa\" src=\"https:\/\/player.vimeo.com\/video\/181012408?h=67af99348f&amp;dnt=1&amp;app_id=122963\" width=\"533\" height=\"300\" frameborder=\"0\" allow=\"autoplay; fullscreen; picture-in-picture\" allowfullscreen><\/iframe><\/p>\n<p><\/div><\/div>\n\n","protected":false},"excerpt":{"rendered":"<p>Big hall Small hall Sauna Rooms J\u00e4\u00e4gri Villa Barrel sauna Glass house Activities Videos<\/p>\n","protected":false},"author":1,"featured_media":0,"parent":0,"menu_order":0,"comment_status":"closed","ping_status":"closed","template":"","meta":{"ngg_post_thumbnail":0,"footnotes":""},"class_list":["post-272","page","type-page","status-publish","hentry"],"yoast_head":"<!-- This site is optimized with the Yoast SEO plugin v26.9 - https:\/\/yoast.com\/product\/yoast-seo-wordpress\/ -->\n<title>Gallery - J\u00e4\u00e4gri Villa<\/title>\n<meta name=\"description\" content=\"J\u00e4\u00e4gri Villa gallery\" \/>\n<meta name=\"robots\" content=\"index, follow, max-snippet:-1, max-image-preview:large, max-video-preview:-1\" \/>\n<link rel=\"canonical\" href=\"https:\/\/jaagrivilla.ee\/en\/gallery\/\" \/>\n<meta property=\"og:locale\" content=\"en_US\" \/>\n<meta property=\"og:type\" content=\"article\" \/>\n<meta property=\"og:title\" content=\"Gallery - J\u00e4\u00e4gri Villa\" \/>\n<meta property=\"og:description\" content=\"J\u00e4\u00e4gri Villa gallery\" \/>\n<meta property=\"og:url\" content=\"https:\/\/jaagrivilla.ee\/en\/gallery\/\" \/>\n<meta property=\"og:site_name\" content=\"J\u00e4\u00e4gri Villa\" \/>\n<meta property=\"article:modified_time\" content=\"2022-06-28T12:51:39+00:00\" \/>\n<meta name=\"twitter:card\" content=\"summary_large_image\" \/>\n<meta name=\"twitter:label1\" content=\"Est. reading time\" \/>\n\t<meta name=\"twitter:data1\" content=\"1 minute\" \/>\n<script type=\"application\/ld+json\" class=\"yoast-schema-graph\">{\"@context\":\"https:\/\/schema.org\",\"@graph\":[{\"@type\":\"WebPage\",\"@id\":\"https:\/\/jaagrivilla.ee\/en\/gallery\/\",\"url\":\"https:\/\/jaagrivilla.ee\/en\/gallery\/\",\"name\":\"Gallery - J\u00e4\u00e4gri Villa\",\"isPartOf\":{\"@id\":\"https:\/\/jaagrivilla.ee\/#website\"},\"datePublished\":\"2017-10-17T11:21:01+00:00\",\"dateModified\":\"2022-06-28T12:51:39+00:00\",\"description\":\"J\u00e4\u00e4gri Villa gallery\",\"breadcrumb\":{\"@id\":\"https:\/\/jaagrivilla.ee\/en\/gallery\/#breadcrumb\"},\"inLanguage\":\"en-US\",\"potentialAction\":[{\"@type\":\"ReadAction\",\"target\":[\"https:\/\/jaagrivilla.ee\/en\/gallery\/\"]}]},{\"@type\":\"BreadcrumbList\",\"@id\":\"https:\/\/jaagrivilla.ee\/en\/gallery\/#breadcrumb\",\"itemListElement\":[{\"@type\":\"ListItem\",\"position\":1,\"name\":\"Home\",\"item\":\"https:\/\/jaagrivilla.ee\/en\/\"},{\"@type\":\"ListItem\",\"position\":2,\"name\":\"Gallery\"}]},{\"@type\":\"WebSite\",\"@id\":\"https:\/\/jaagrivilla.ee\/#website\",\"url\":\"https:\/\/jaagrivilla.ee\/\",\"name\":\"J\u00e4\u00e4gri Villa\",\"description\":\"\",\"potentialAction\":[{\"@type\":\"SearchAction\",\"target\":{\"@type\":\"EntryPoint\",\"urlTemplate\":\"https:\/\/jaagrivilla.ee\/?s={search_term_string}\"},\"query-input\":{\"@type\":\"PropertyValueSpecification\",\"valueRequired\":true,\"valueName\":\"search_term_string\"}}],\"inLanguage\":\"en-US\"}]}<\/script>\n<!-- \/ Yoast SEO plugin. -->","yoast_head_json":{"title":"Gallery - J\u00e4\u00e4gri Villa","description":"J\u00e4\u00e4gri Villa gallery","robots":{"index":"index","follow":"follow","max-snippet":"max-snippet:-1","max-image-preview":"max-image-preview:large","max-video-preview":"max-video-preview:-1"},"canonical":"https:\/\/jaagrivilla.ee\/en\/gallery\/","og_locale":"en_US","og_type":"article","og_title":"Gallery - J\u00e4\u00e4gri Villa","og_description":"J\u00e4\u00e4gri Villa gallery","og_url":"https:\/\/jaagrivilla.ee\/en\/gallery\/","og_site_name":"J\u00e4\u00e4gri Villa","article_modified_time":"2022-06-28T12:51:39+00:00","twitter_card":"summary_large_image","twitter_misc":{"Est. reading time":"1 minute"},"schema":{"@context":"https:\/\/schema.org","@graph":[{"@type":"WebPage","@id":"https:\/\/jaagrivilla.ee\/en\/gallery\/","url":"https:\/\/jaagrivilla.ee\/en\/gallery\/","name":"Gallery - J\u00e4\u00e4gri Villa","isPartOf":{"@id":"https:\/\/jaagrivilla.ee\/#website"},"datePublished":"2017-10-17T11:21:01+00:00","dateModified":"2022-06-28T12:51:39+00:00","description":"J\u00e4\u00e4gri Villa gallery","breadcrumb":{"@id":"https:\/\/jaagrivilla.ee\/en\/gallery\/#breadcrumb"},"inLanguage":"en-US","potentialAction":[{"@type":"ReadAction","target":["https:\/\/jaagrivilla.ee\/en\/gallery\/"]}]},{"@type":"BreadcrumbList","@id":"https:\/\/jaagrivilla.ee\/en\/gallery\/#breadcrumb","itemListElement":[{"@type":"ListItem","position":1,"name":"Home","item":"https:\/\/jaagrivilla.ee\/en\/"},{"@type":"ListItem","position":2,"name":"Gallery"}]},{"@type":"WebSite","@id":"https:\/\/jaagrivilla.ee\/#website","url":"https:\/\/jaagrivilla.ee\/","name":"J\u00e4\u00e4gri Villa","description":"","potentialAction":[{"@type":"SearchAction","target":{"@type":"EntryPoint","urlTemplate":"https:\/\/jaagrivilla.ee\/?s={search_term_string}"},"query-input":{"@type":"PropertyValueSpecification","valueRequired":true,"valueName":"search_term_string"}}],"inLanguage":"en-US"}]}},"_links":{"self":[{"href":"https:\/\/jaagrivilla.ee\/en\/wp-json\/wp\/v2\/pages\/272","targetHints":{"allow":["GET"]}}],"collection":[{"href":"https:\/\/jaagrivilla.ee\/en\/wp-json\/wp\/v2\/pages"}],"about":[{"href":"https:\/\/jaagrivilla.ee\/en\/wp-json\/wp\/v2\/types\/page"}],"author":[{"embeddable":true,"href":"https:\/\/jaagrivilla.ee\/en\/wp-json\/wp\/v2\/users\/1"}],"replies":[{"embeddable":true,"href":"https:\/\/jaagrivilla.ee\/en\/wp-json\/wp\/v2\/comments?post=272"}],"version-history":[{"count":5,"href":"https:\/\/jaagrivilla.ee\/en\/wp-json\/wp\/v2\/pages\/272\/revisions"}],"predecessor-version":[{"id":397,"href":"https:\/\/jaagrivilla.ee\/en\/wp-json\/wp\/v2\/pages\/272\/revisions\/397"}],"wp:attachment":[{"href":"https:\/\/jaagrivilla.ee\/en\/wp-json\/wp\/v2\/media?parent=272"}],"curies":[{"name":"wp","href":"https:\/\/api.w.org\/{rel}","templated":true}]}}